{"id":3,"date":"2022-03-24T18:28:06","date_gmt":"2022-03-24T18:28:06","guid":{"rendered":"https:\/\/nopable.com.mx\/?page_id=3"},"modified":"2025-09-02T00:09:31","modified_gmt":"2025-09-02T00:09:31","slug":"politica-privacidad","status":"publish","type":"page","link":"https:\/\/nopable.com.mx\/index.php\/politica-privacidad\/","title":{"rendered":"Pol\u00edtica de privacidad"},"content":{"rendered":"<div class=\"brz-root__container brz-reset-all\">\n<section data-uid=\"pvqxgfyqlxbelqclrjllpcbombcybymwnkwc\" id=\"pvqxgfyqlxbelqclrjllpcbombcybymwnkwc\" class=\"brz-section brz-css-xoqaq\">\n<div class=\"brz-section__content brz-section--boxed brz-css-tfred\" data-custom-id=\"qgjdcyhdwbjmhslilgzkmnrvwpwjtfmeivsx\">\n<div class=\"brz-container brz-css-jrwfd\">\n<div class=\"brz-css-sltoc brz-wrapper\">\n<div class=\"brz-rich-text brz-rich-text__custom brz-css-dkjxo\" data-custom-id=\"yzjvdgtuvqahsxqpvtamfwlwenwudqoosirv\">\n<div>\n<p class=\"brz-tp-lg-paragraph brz-css-yjabn\" data-generated-css=\"brz-css-caipi\" data-uniq-id=\"xwfru\"><\/p>\n<p class=\"brz-tp-lg-paragraph brz-css-thwep\" data-generated-css=\"brz-css-kehum\" data-uniq-id=\"sfxbz\"><span class=\"brz-cp-color7\"> <\/span><\/p>\n<h1 class=\"brz-tp-lg-empty brz-lh-lg-1_3 brz-ls-lg-m_1_5 brz-fw-lg-700 brz-fss-lg-px brz-fs-lg-46 brz-ft-google brz-ff-noto_sans_devanagari brz-text-lg-justify brz-css-aixxt\" data-generated-css=\"brz-css-rfjbj\" data-uniq-id=\"zdilu\"><span class=\"brz-cp-color7\">Pol\u00edtica de privacidad<\/span><\/h1>\n<p class=\"brz-tp-lg-empty brz-lh-lg-1_9 brz-ls-lg-0 brz-fw-lg-400 brz-fss-lg-px brz-fs-lg-16 brz-ft-google brz-ff-noto_sans_devanagari brz-text-lg-justify brz-css-pnqce\" data-generated-css=\"brz-css-zpdyj\" data-uniq-id=\"jarzb\"><span class=\"brz-cp-color7\"> <\/span><\/p>\n<h2 class=\"brz-text-lg-justify brz-ff-noto_sans_devanagari brz-ft-google brz-fs-lg-36 brz-fss-lg-px brz-fw-lg-700 brz-ls-lg-m_1_5 brz-lh-lg-1_3 brz-tp-lg-empty brz-css-knena\" data-generated-css=\"brz-css-ezhqm\" data-uniq-id=\"skujn\"><span class=\"brz-cp-color7\">Qui\u00e9nes somos<\/span><\/h2>\n<p class=\"brz-tp-lg-empty brz-lh-lg-1_9 brz-ls-lg-0 brz-fw-lg-400 brz-fss-lg-px brz-fs-lg-16 brz-ft-google brz-ff-noto_sans_devanagari brz-text-lg-justify brz-css-tzknn\" data-generated-css=\"brz-css-boplq\" data-uniq-id=\"pbhli\"><\/p>\n<p class=\"brz-tp-lg-empty brz-lh-lg-1_9 brz-ls-lg-0 brz-fw-lg-400 brz-fss-lg-px brz-fs-lg-16 brz-ft-google brz-ff-noto_sans_devanagari brz-text-lg-justify brz-css-jlpzz\" data-generated-css=\"brz-css-lnlab\" data-uniq-id=\"jsboq\"><span class=\"brz-cp-color7\">La direcci\u00f3n de nuestra web es: https:\/\/nopable.com.mx.<\/span><\/p>\n<p class=\"brz-tp-lg-empty brz-lh-lg-1_9 brz-ls-lg-0 brz-fw-lg-400 brz-fss-lg-px brz-fs-lg-16 brz-ft-google brz-ff-noto_sans_devanagari brz-text-lg-justify brz-css-rkvnp\" data-generated-css=\"brz-css-roznz\" data-uniq-id=\"nylps\"><\/p>\n<h2 class=\"brz-tp-lg-heading2 brz-lh-lg-1_9 brz-ls-lg-0 brz-fw-lg-400 brz-fss-lg-px brz-fs-lg-16 brz-ft-google brz-ff-noto_sans_devanagari brz-text-lg-justify brz-css-nxusx\" data-generated-css=\"brz-css-czgtb\" data-uniq-id=\"vvrks\"><span class=\"brz-cp-color7\">Comentarios<\/span><\/h2>\n<p class=\"brz-tp-lg-empty brz-lh-lg-1_9 brz-ls-lg-0 brz-fw-lg-400 brz-fss-lg-px brz-fs-lg-16 brz-ft-google brz-ff-noto_sans_devanagari brz-text-lg-justify brz-css-munnb\" data-generated-css=\"brz-css-faubh\" data-uniq-id=\"zsylz\"><span class=\"brz-cp-color7\">Cuando los visitantes dejan comentarios en la web, recopilamos los datos que se muestran en el formulario de comentarios, as\u00ed como la direcci\u00f3n IP del visitante y la cadena de agentes de usuario del navegador para ayudar a la detecci\u00f3n de spam.<\/span><\/p>\n<p class=\"brz-tp-lg-empty brz-lh-lg-1_9 brz-ls-lg-0 brz-fw-lg-400 brz-fss-lg-px brz-fs-lg-16 brz-ft-google brz-ff-noto_sans_devanagari brz-text-lg-justify brz-css-wkwen\" data-generated-css=\"brz-css-vkpml\" data-uniq-id=\"weagt\"><span class=\"brz-cp-color7\">Una cadena an\u00f3nima creada a partir de tu direcci\u00f3n de correo electr\u00f3nico (tambi\u00e9n llamada hash) puede ser proporcionada al servicio de Gravatar para ver si la est\u00e1s usando. La pol\u00edtica de privacidad del servicio Gravatar est\u00e1 disponible aqu\u00ed: https:\/\/automattic.com\/privacy\/.<\/span><\/p>\n<p class=\"brz-tp-lg-empty brz-lh-lg-1_9 brz-ls-lg-0 brz-fw-lg-400 brz-fss-lg-px brz-fs-lg-16 brz-ft-google brz-ff-noto_sans_devanagari brz-text-lg-justify brz-css-xsner\" data-generated-css=\"brz-css-ezcyq\" data-uniq-id=\"jfenp\"><span class=\"brz-cp-color7\">Despu\u00e9s de la aprobaci\u00f3n de tu comentario, la imagen de tu perfil es visible para el p\u00fablico en el contexto de tu comentario.<\/span><\/p>\n<p class=\"brz-tp-lg-empty brz-lh-lg-1_9 brz-ls-lg-0 brz-fw-lg-400 brz-fss-lg-px brz-fs-lg-16 brz-ft-google brz-ff-noto_sans_devanagari brz-text-lg-justify brz-css-cmsdx\" data-generated-css=\"brz-css-aezhg\" data-uniq-id=\"ijids\"><\/p>\n<h2 class=\"brz-tp-lg-heading2 brz-lh-lg-1_9 brz-ls-lg-0 brz-fw-lg-400 brz-fss-lg-px brz-fs-lg-16 brz-ft-google brz-ff-noto_sans_devanagari brz-text-lg-justify brz-css-fhacm\" data-generated-css=\"brz-css-fjyay\" data-uniq-id=\"kqsle\"><span class=\"brz-cp-color7\">Medios<\/span><\/h2>\n<p class=\"brz-tp-lg-empty brz-lh-lg-1_9 brz-ls-lg-0 brz-fw-lg-400 brz-fss-lg-px brz-fs-lg-16 brz-ft-google brz-ff-noto_sans_devanagari brz-text-lg-justify brz-css-symyt\" data-generated-css=\"brz-css-vhwsl\" data-uniq-id=\"fxofy\"><\/p>\n<p class=\"brz-tp-lg-empty brz-lh-lg-1_9 brz-ls-lg-0 brz-fw-lg-400 brz-fss-lg-px brz-fs-lg-16 brz-ft-google brz-ff-noto_sans_devanagari brz-text-lg-justify brz-css-kidoa\" data-generated-css=\"brz-css-xopxw\" data-uniq-id=\"mcuxb\"><strong class=\"brz-cp-color7\"> <\/strong><span class=\"brz-cp-color7\">Si subes im\u00e1genes a la web, deber\u00edas evitar subir im\u00e1genes con datos de ubicaci\u00f3n (GPS EXIF) incluidos. Los visitantes de la web pueden descargar y extraer cualquier dato de ubicaci\u00f3n de las im\u00e1genes de la web.<\/span><\/p>\n<p class=\"brz-tp-lg-empty brz-lh-lg-1_9 brz-ls-lg-0 brz-fw-lg-400 brz-fss-lg-px brz-fs-lg-16 brz-ft-google brz-ff-noto_sans_devanagari brz-text-lg-justify brz-css-vjfnz\" data-generated-css=\"brz-css-ghbiw\" data-uniq-id=\"tjmlo\"><\/p>\n<h2 class=\"brz-lh-lg-1_9 brz-ls-lg-0 brz-fw-lg-400 brz-fss-lg-px brz-fs-lg-16 brz-ft-google brz-ff-noto_sans_devanagari brz-text-lg-justify brz-tp-lg-heading2 brz-css-mlybt\" data-generated-css=\"brz-css-omwcw\" data-uniq-id=\"bqevv\"><span class=\"brz-cp-color7\">Cookies<\/span><\/h2>\n<p class=\"brz-tp-lg-empty brz-lh-lg-1_9 brz-ls-lg-0 brz-fw-lg-400 brz-fss-lg-px brz-fs-lg-16 brz-ft-google brz-ff-noto_sans_devanagari brz-text-lg-justify brz-css-jnvzs\" data-generated-css=\"brz-css-igdgd\" data-uniq-id=\"teris\"><\/p>\n<p class=\"brz-tp-lg-empty brz-lh-lg-1_9 brz-ls-lg-0 brz-fw-lg-400 brz-fss-lg-px brz-fs-lg-16 brz-ft-google brz-ff-noto_sans_devanagari brz-text-lg-justify brz-css-ungkv\" data-generated-css=\"brz-css-ohqaz\" data-uniq-id=\"fbvmp\"><strong class=\"brz-cp-color7\"> <\/strong><span class=\"brz-cp-color7\">Si dejas un comentario en nuestro sitio puedes elegir guardar tu nombre, direcci\u00f3n de correo electr\u00f3nico y web en cookies. Esto es para tu comodidad, para que no tengas que volver a rellenar tus datos cuando dejes otro comentario. Estas cookies tendr\u00e1n una duraci\u00f3n de un a\u00f1o.<\/span><\/p>\n<p class=\"brz-tp-lg-empty brz-lh-lg-1_9 brz-ls-lg-0 brz-fw-lg-400 brz-fss-lg-px brz-fs-lg-16 brz-ft-google brz-ff-noto_sans_devanagari brz-text-lg-justify brz-css-agglv\" data-generated-css=\"brz-css-ewnay\" data-uniq-id=\"rkfhx\"><\/p>\n<p class=\"brz-tp-lg-empty brz-lh-lg-1_9 brz-ls-lg-0 brz-fw-lg-400 brz-fss-lg-px brz-fs-lg-16 brz-ft-google brz-ff-noto_sans_devanagari brz-text-lg-justify brz-css-ddnmf\" data-generated-css=\"brz-css-dnmuc\" data-uniq-id=\"hqbwl\"><span class=\"brz-cp-color7\">Si tienes una cuenta y te conectas a este sitio, instalaremos una cookie temporal para determinar si tu navegador acepta cookies. Esta cookie no contiene datos personales y se elimina al cerrar el navegador.<\/span><\/p>\n<p class=\"brz-tp-lg-empty brz-lh-lg-1_9 brz-ls-lg-0 brz-fw-lg-400 brz-fss-lg-px brz-fs-lg-16 brz-ft-google brz-ff-noto_sans_devanagari brz-text-lg-justify brz-css-cxlcc\" data-generated-css=\"brz-css-aseek\" data-uniq-id=\"pckdi\"><\/p>\n<p class=\"brz-tp-lg-empty brz-lh-lg-1_9 brz-ls-lg-0 brz-fw-lg-400 brz-fss-lg-px brz-fs-lg-16 brz-ft-google brz-ff-noto_sans_devanagari brz-text-lg-justify brz-css-tzhmq\" data-generated-css=\"brz-css-iisla\" data-uniq-id=\"gzfni\"><span class=\"brz-cp-color7\">Cuando accedas, tambi\u00e9n instalaremos varias cookies para guardar tu informaci\u00f3n de acceso y tus opciones de visualizaci\u00f3n de pantalla. Las cookies de acceso duran dos d\u00edas, y las cookies de opciones de pantalla duran un a\u00f1o. Si seleccionas \u00abRecu\u00e9rdarme\u00bb, tu acceso perdurar\u00e1 durante dos semanas. Si sales de tu cuenta, las cookies de acceso se eliminar\u00e1n.<\/span><\/p>\n<p class=\"brz-tp-lg-empty brz-lh-lg-1_9 brz-ls-lg-0 brz-fw-lg-400 brz-fss-lg-px brz-fs-lg-16 brz-ft-google brz-ff-noto_sans_devanagari brz-text-lg-justify brz-css-emlni\" data-generated-css=\"brz-css-aeuge\" data-uniq-id=\"bdkvx\"><\/p>\n<p class=\"brz-tp-lg-empty brz-lh-lg-1_9 brz-ls-lg-0 brz-fw-lg-400 brz-fss-lg-px brz-fs-lg-16 brz-ft-google brz-ff-noto_sans_devanagari brz-text-lg-justify brz-css-henhj\" data-generated-css=\"brz-css-mxgxh\" data-uniq-id=\"jcvmz\"><span class=\"brz-cp-color7\">Si editas o publicas un art\u00edculo se guardar\u00e1 una cookie adicional en tu navegador. Esta cookie no incluye datos personales y simplemente indica el ID del art\u00edculo que acabas de editar. Caduca despu\u00e9s de 1 d\u00eda.<\/span><\/p>\n<p class=\"brz-tp-lg-empty brz-lh-lg-1_9 brz-ls-lg-0 brz-fw-lg-400 brz-fss-lg-px brz-fs-lg-16 brz-ft-google brz-ff-noto_sans_devanagari brz-text-lg-justify brz-css-krybd\" data-generated-css=\"brz-css-kwlfc\" data-uniq-id=\"snldo\"><\/p>\n<h2 class=\"brz-lh-lg-1_9 brz-ls-lg-0 brz-fw-lg-400 brz-fss-lg-px brz-fs-lg-16 brz-ft-google brz-ff-noto_sans_devanagari brz-text-lg-justify brz-tp-lg-heading2 brz-css-uxudf\" data-generated-css=\"brz-css-pdnuw\" data-uniq-id=\"gorhc\"><span class=\"brz-cp-color7\">Contenido incrustado de otros sitios web<\/span><\/h2>\n<p class=\"brz-tp-lg-empty brz-lh-lg-1_9 brz-ls-lg-0 brz-fw-lg-400 brz-fss-lg-px brz-fs-lg-16 brz-ft-google brz-ff-noto_sans_devanagari brz-text-lg-justify brz-css-mvzri\" data-generated-css=\"brz-css-cbmuo\" data-uniq-id=\"mwrcu\"><\/p>\n<p class=\"brz-tp-lg-empty brz-lh-lg-1_9 brz-ls-lg-0 brz-fw-lg-400 brz-fss-lg-px brz-fs-lg-16 brz-ft-google brz-ff-noto_sans_devanagari brz-text-lg-justify brz-css-jpnte\" data-generated-css=\"brz-css-hgcww\" data-uniq-id=\"izenh\"><span class=\"brz-cp-color7\">Los art\u00edculos de este sitio pueden incluir contenido incrustado (por ejemplo, v\u00eddeos, im\u00e1genes, art\u00edculos, etc.). El contenido incrustado de otras webs se comporta exactamente de la misma manera que si el visitante hubiera visitado la otra web.<\/span><\/p>\n<p class=\"brz-tp-lg-empty brz-lh-lg-1_9 brz-ls-lg-0 brz-fw-lg-400 brz-fss-lg-px brz-fs-lg-16 brz-ft-google brz-ff-noto_sans_devanagari brz-text-lg-justify brz-css-quazu\" data-generated-css=\"brz-css-iddhf\" data-uniq-id=\"lnqud\"><\/p>\n<p class=\"brz-tp-lg-empty brz-lh-lg-1_9 brz-ls-lg-0 brz-fw-lg-400 brz-fss-lg-px brz-fs-lg-16 brz-ft-google brz-ff-noto_sans_devanagari brz-text-lg-justify brz-css-kkbjy\" data-generated-css=\"brz-css-yoxwz\" data-uniq-id=\"iteju\"><span class=\"brz-cp-color7\">Estas web pueden recopilar datos sobre ti, utilizar cookies, incrustar un seguimiento adicional de terceros, y supervisar tu interacci\u00f3n con ese contenido incrustado, incluido el seguimiento de tu interacci\u00f3n con el contenido incrustado si tienes una cuenta y est\u00e1s conectado a esa web.<\/span><\/p>\n<p class=\"brz-tp-lg-empty brz-lh-lg-1_9 brz-ls-lg-0 brz-fw-lg-400 brz-fss-lg-px brz-fs-lg-16 brz-ft-google brz-ff-noto_sans_devanagari brz-text-lg-justify brz-css-ypfpj\" data-generated-css=\"brz-css-ogxgs\" data-uniq-id=\"tcpgm\"><\/p>\n<h2 class=\"brz-tp-lg-heading2 brz-lh-lg-1_9 brz-ls-lg-0 brz-fw-lg-400 brz-fss-lg-px brz-fs-lg-16 brz-ft-google brz-ff-noto_sans_devanagari brz-text-lg-justify brz-css-jzmyb\" data-generated-css=\"brz-css-clhqx\" data-uniq-id=\"bktex\"><span class=\"brz-cp-color7\">Con qui\u00e9n compartimos tus datos<\/span><\/h2>\n<p class=\"brz-tp-lg-empty brz-lh-lg-1_9 brz-ls-lg-0 brz-fw-lg-400 brz-fss-lg-px brz-fs-lg-16 brz-ft-google brz-ff-noto_sans_devanagari brz-text-lg-justify brz-css-xehep\" data-generated-css=\"brz-css-scbqu\" data-uniq-id=\"tjpol\"><\/p>\n<p class=\"brz-tp-lg-empty brz-lh-lg-1_9 brz-ls-lg-0 brz-fw-lg-400 brz-fss-lg-px brz-fs-lg-16 brz-ft-google brz-ff-noto_sans_devanagari brz-text-lg-justify brz-css-delhs\" data-generated-css=\"brz-css-foqzd\" data-uniq-id=\"mhvji\"><span class=\"brz-cp-color7\">Si solicitas un restablecimiento de contrase\u00f1a, tu direcci\u00f3n IP ser\u00e1 incluida en el correo electr\u00f3nico d restablecimiento.<\/span><\/p>\n<p class=\"brz-tp-lg-empty brz-lh-lg-1_9 brz-ls-lg-0 brz-fw-lg-400 brz-fss-lg-px brz-fs-lg-16 brz-ft-google brz-ff-noto_sans_devanagari brz-text-lg-justify brz-css-ielol\" data-generated-css=\"brz-css-rtgts\" data-uniq-id=\"brquo\"><\/p>\n<h2 class=\"brz-tp-lg-heading2 brz-lh-lg-1_9 brz-ls-lg-0 brz-fw-lg-400 brz-fss-lg-px brz-fs-lg-16 brz-ft-google brz-ff-noto_sans_devanagari brz-text-lg-justify brz-css-qmdid\" data-generated-css=\"brz-css-nvejs\" data-uniq-id=\"kpbgo\"><span class=\"brz-cp-color7\">Cu\u00e1nto tiempo conservamos tus datos<\/span><\/h2>\n<p class=\"brz-tp-lg-empty brz-lh-lg-1_9 brz-ls-lg-0 brz-fw-lg-400 brz-fss-lg-px brz-fs-lg-16 brz-ft-google brz-ff-noto_sans_devanagari brz-text-lg-justify brz-css-uwnja\" data-generated-css=\"brz-css-oelcy\" data-uniq-id=\"pmcie\"><\/p>\n<p class=\"brz-tp-lg-empty brz-lh-lg-1_9 brz-ls-lg-0 brz-fw-lg-400 brz-fss-lg-px brz-fs-lg-16 brz-ft-google brz-ff-noto_sans_devanagari brz-text-lg-justify brz-css-oihni\" data-generated-css=\"brz-css-kuofm\" data-uniq-id=\"hnjtq\"><span class=\"brz-cp-color7\">Si dejas un comentario, el comentario y sus metadatos se conservan indefinidamente. Esto es para que podamos reconocer y aprobar comentarios sucesivos autom\u00e1ticamente, en lugar de mantenerlos en una cola de moderaci\u00f3n.<\/span><\/p>\n<p class=\"brz-tp-lg-empty brz-lh-lg-1_9 brz-ls-lg-0 brz-fw-lg-400 brz-fss-lg-px brz-fs-lg-16 brz-ft-google brz-ff-noto_sans_devanagari brz-text-lg-justify brz-css-seotr\" data-generated-css=\"brz-css-geffe\" data-uniq-id=\"frzhg\"><span class=\"brz-cp-color7\">De los usuarios que se registran en nuestra web (si los hay), tambi\u00e9n almacenamos la informaci\u00f3n personal que proporcionan en su perfil de usuario. Todos los usuarios pueden ver, editar o eliminar su informaci\u00f3n personal en cualquier momento (excepto que no pueden cambiar su nombre de usuario). Los administradores de la web tambi\u00e9n pueden ver y editar esa informaci\u00f3n.<\/span><\/p>\n<p class=\"brz-tp-lg-empty brz-lh-lg-1_9 brz-ls-lg-0 brz-fw-lg-400 brz-fss-lg-px brz-fs-lg-16 brz-ft-google brz-ff-noto_sans_devanagari brz-text-lg-justify brz-css-zggpe\" data-generated-css=\"brz-css-mkgdg\" data-uniq-id=\"ylrjn\"><\/p>\n<h2 class=\"brz-tp-lg-heading2 brz-lh-lg-1_9 brz-ls-lg-0 brz-fw-lg-400 brz-fss-lg-px brz-fs-lg-16 brz-ft-google brz-ff-noto_sans_devanagari brz-text-lg-justify brz-css-lszdi\" data-generated-css=\"brz-css-bfjxv\" data-uniq-id=\"ioyvj\"><span class=\"brz-cp-color7\">Qu\u00e9 derechos tienes sobre tus datos<\/span><\/h2>\n<p class=\"brz-tp-lg-empty brz-lh-lg-1_9 brz-ls-lg-0 brz-fw-lg-400 brz-fss-lg-px brz-fs-lg-16 brz-ft-google brz-ff-noto_sans_devanagari brz-text-lg-justify brz-css-xbruh\" data-generated-css=\"brz-css-lvuuk\" data-uniq-id=\"ibhxk\"><\/p>\n<p class=\"brz-tp-lg-empty brz-lh-lg-1_9 brz-ls-lg-0 brz-fw-lg-400 brz-fss-lg-px brz-fs-lg-16 brz-ft-google brz-ff-noto_sans_devanagari brz-text-lg-justify brz-css-wkezf\" data-generated-css=\"brz-css-vkjjy\" data-uniq-id=\"pgmbz\"><span class=\"brz-cp-color7\">Si tienes una cuenta o has dejado comentarios en esta web, puedes solicitar recibir un archivo de exportaci\u00f3n de los datos personales que tenemos sobre ti, incluyendo cualquier dato que nos hayas proporcionado. Tambi\u00e9n puedes solicitar que eliminemos cualquier dato personal que tengamos sobre ti. Esto no incluye ning\u00fan dato que estemos obligados a conservar con fines administrativos, legales o de seguridad.<\/span><\/p>\n<p class=\"brz-tp-lg-empty brz-lh-lg-1_9 brz-ls-lg-0 brz-fw-lg-400 brz-fss-lg-px brz-fs-lg-16 brz-ft-google brz-ff-noto_sans_devanagari brz-text-lg-justify brz-css-fdlfl\" data-generated-css=\"brz-css-fmaap\" data-uniq-id=\"etzqx\"><\/p>\n<h2 class=\"brz-tp-lg-heading2 brz-lh-lg-1_9 brz-ls-lg-0 brz-fw-lg-400 brz-fss-lg-px brz-fs-lg-16 brz-ft-google brz-ff-noto_sans_devanagari brz-text-lg-justify brz-css-jzmex\" data-generated-css=\"brz-css-qvvml\" data-uniq-id=\"pxtnt\"><span class=\"brz-cp-color7\">D\u00f3nde enviamos tus datos<\/span><\/h2>\n<p class=\"brz-tp-lg-empty brz-lh-lg-1_9 brz-ls-lg-0 brz-fw-lg-400 brz-fss-lg-px brz-fs-lg-16 brz-ft-google brz-ff-noto_sans_devanagari brz-text-lg-justify brz-css-yeoum\" data-generated-css=\"brz-css-lrwec\" data-uniq-id=\"azzqn\"><strong class=\"brz-cp-color7\"> <\/strong><span class=\"brz-cp-color7\">Los comentarios de los visitantes puede que los revise un servicio de detecci\u00f3n autom\u00e1tica de spam.<\/span><\/p>\n<p class=\"brz-tp-lg-empty brz-lh-lg-1_9 brz-ls-lg-0 brz-fw-lg-400 brz-fss-lg-px brz-fs-lg-16 brz-ft-google brz-ff-noto_sans_devanagari brz-text-lg-justify brz-css-cimxd\" data-generated-css=\"brz-css-ynmhm\" data-uniq-id=\"ughcu\"><\/p>\n<p class=\"brz-tp-lg-empty brz-lh-lg-1_9 brz-ls-lg-0 brz-fw-lg-400 brz-fss-lg-px brz-fs-lg-16 brz-ft-google brz-ff-noto_sans_devanagari brz-text-lg-justify brz-css-aupzv\" data-generated-css=\"brz-css-jzcqk\" data-uniq-id=\"rxmns\"><span class=\"brz-cp-color7\">\t<\/span><\/p>\n<\/div>\n<\/div>\n<\/div>\n<\/div>\n<\/div>\n<\/section>\n<\/div>\n<p>    <!-- version:1689098728 --><\/p>\n","protected":false},"excerpt":{"rendered":"<p>Pol\u00edtica de privacidad Qui\u00e9nes somos La direcci\u00f3n de nuestra web es: https:\/\/nopable.com.mx. Comentarios Cuando los visitantes dejan comentarios en la web, recopilamos los datos que se muestran en el formulario de comentarios, as\u00ed como la direcci\u00f3n IP del visitante y la cadena de agentes de usuario del navegador para ayudar a la detecci\u00f3n de spam. [&hellip;]<\/p>\n","protected":false},"author":1,"featured_media":0,"parent":0,"menu_order":0,"comment_status":"closed","ping_status":"open","template":"brizy-blank-template.php","meta":{"footnotes":""},"class_list":["post-3","page","type-page","status-publish","hentry"],"_links":{"self":[{"href":"https:\/\/nopable.com.mx\/index.php\/wp-json\/wp\/v2\/pages\/3","targetHints":{"allow":["GET"]}}],"collection":[{"href":"https:\/\/nopable.com.mx\/index.php\/wp-json\/wp\/v2\/pages"}],"about":[{"href":"https:\/\/nopable.com.mx\/index.php\/wp-json\/wp\/v2\/types\/page"}],"author":[{"embeddable":true,"href":"https:\/\/nopable.com.mx\/index.php\/wp-json\/wp\/v2\/users\/1"}],"replies":[{"embeddable":true,"href":"https:\/\/nopable.com.mx\/index.php\/wp-json\/wp\/v2\/comments?post=3"}],"version-history":[{"count":10,"href":"https:\/\/nopable.com.mx\/index.php\/wp-json\/wp\/v2\/pages\/3\/revisions"}],"predecessor-version":[{"id":327,"href":"https:\/\/nopable.com.mx\/index.php\/wp-json\/wp\/v2\/pages\/3\/revisions\/327"}],"wp:attachment":[{"href":"https:\/\/nopable.com.mx\/index.php\/wp-json\/wp\/v2\/media?parent=3"}],"curies":[{"name":"wp","href":"https:\/\/api.w.org\/{rel}","templated":true}]}}